{"id":7059,"date":"2024-02-28T20:13:18","date_gmt":"2024-02-28T19:13:18","guid":{"rendered":"https:\/\/nijar.org\/?page_id=7059"},"modified":"2024-02-28T20:26:02","modified_gmt":"2024-02-28T19:26:02","slug":"politica-de-reserva-e-cancelamento","status":"publish","type":"page","link":"https:\/\/nijar.org\/pt\/politica-de-reserva-e-cancelamento","title":{"rendered":"Pol\u00edtica de reserva e cancelamento"},"content":{"rendered":"<div data-elementor-type=\"wp-page\" data-elementor-id=\"7059\" class=\"elementor elementor-7059\" data-elementor-post-type=\"page\">\n\t\t\t\t<div class=\"elementor-element elementor-element-58b89fe e-flex e-con-boxed e-con e-parent\" data-id=\"58b89fe\" data-element_type=\"container\" data-e-type=\"container\">\n\t\t\t\t\t<div class=\"e-con-inner\">\n\t\t<div class=\"elementor-element elementor-element-bb9e06c e-flex e-con-boxed e-con e-child\" data-id=\"bb9e06c\" data-element_type=\"container\" data-e-type=\"container\">\n\t\t\t\t\t<div class=\"e-con-inner\">\n\t\t\t\t<div class=\"elementor-element elementor-element-fe37ca0 elementor-widget elementor-widget-heading\" data-id=\"fe37ca0\" data-element_type=\"widget\" data-e-type=\"widget\" data-widget_type=\"heading.default\">\n\t\t\t\t<div class=\"elementor-widget-container\">\n\t\t\t\t\t<h3 class=\"elementor-heading-title elementor-size-default\">Pol\u00edtica de reserva e de anula\u00e7\u00e3o para estadias ou eventos no Jardim de N\u00e2m<\/h3>\t\t\t\t<\/div>\n\t\t\t\t<\/div>\n\t\t\t\t\t<\/div>\n\t\t\t\t<\/div>\n\t\t<div class=\"elementor-element elementor-element-882a312 e-con-full e-flex e-con e-child\" data-id=\"882a312\" data-element_type=\"container\" data-e-type=\"container\">\n\t\t\t\t<div class=\"elementor-element elementor-element-dea5e81 elementor-widget elementor-widget-heading\" data-id=\"dea5e81\" data-element_type=\"widget\" data-e-type=\"widget\" data-widget_type=\"heading.default\">\n\t\t\t\t<div class=\"elementor-widget-container\">\n\t\t\t\t\t<h5 class=\"elementor-heading-title elementor-size-default\">Pagamento e reserva<\/h5>\t\t\t\t<\/div>\n\t\t\t\t<\/div>\n\t\t\t\t<div class=\"elementor-element elementor-element-1fb4593 elementor-widget elementor-widget-text-editor\" data-id=\"1fb4593\" data-element_type=\"widget\" data-e-type=\"widget\" data-widget_type=\"text-editor.default\">\n\t\t\t\t<div class=\"elementor-widget-container\">\n\t\t\t\t\t\t\t\t\tA sua reserva \u00e9 definitiva ap\u00f3s a rece\u00e7\u00e3o do montante a pagar.\nAp\u00f3s a rece\u00e7\u00e3o do pagamento, a sua reserva ser\u00e1 confirmada por correio eletr\u00f3nico. Podemos fornecer uma fatura a pedido.\n\t\t\t\t\t\t\t\t<\/div>\n\t\t\t\t<\/div>\n\t\t\t\t<div class=\"elementor-element elementor-element-f49e3bd elementor-widget elementor-widget-heading\" data-id=\"f49e3bd\" data-element_type=\"widget\" data-e-type=\"widget\" data-widget_type=\"heading.default\">\n\t\t\t\t<div class=\"elementor-widget-container\">\n\t\t\t\t\t<h5 class=\"elementor-heading-title elementor-size-default\">Pol\u00edtica de cancelamento<\/h5>\t\t\t\t<\/div>\n\t\t\t\t<\/div>\n\t\t\t\t<div class=\"elementor-element elementor-element-7d728da elementor-widget elementor-widget-text-editor\" data-id=\"7d728da\" data-element_type=\"widget\" data-e-type=\"widget\" data-widget_type=\"text-editor.default\">\n\t\t\t\t<div class=\"elementor-widget-container\">\n\t\t\t\t\t\t\t\t\t<p>Caso necessite de cancelar a sua reserva, convidamo-lo a utilizar a nossa oferta para reagendar a sua reserva, sem custos. No caso de ainda n\u00e3o saber as datas, n\u00e3o h\u00e1 problema. Pode marcar as suas novas datas no prazo de um ano ap\u00f3s o cancelamento.<\/p><p>Se pretender ser reembolsado, deve ter em conta as seguintes condi\u00e7\u00f5es:<\/p><p>1: Se anular a sua reserva com um m\u00e1ximo de tr\u00eas meses de anteced\u00eancia, reembolso de 100% do montante total da sua reserva.<br \/>2: Se anular a sua reserva at\u00e9 um m\u00eas de anteced\u00eancia, reembolso de 75 % do montante total da sua reserva.<br \/>3: Se cancelar a sua reserva at\u00e9 duas semanas antes da data de in\u00edcio, reembolso de 50 % do montante total da sua reserva.<br \/>4: Em caso de anula\u00e7\u00e3o no prazo de duas semanas antes da data de in\u00edcio, n\u00e3o haver\u00e1 lugar a reembolso. Ser\u00e1 obrigado a pagar o montante total da sua reserva.<\/p><p>Se decidir sair mais cedo durante a sua estadia, aplicamos uma pol\u00edtica de 48 horas e as noites que se situam dentro das 48 horas ser\u00e3o cobradas. Para as restantes noites, \u00e9 convidado a remarcar as datas noutro per\u00edodo sem custos, no prazo de um ano ap\u00f3s o cancelamento. O reembolso n\u00e3o ser\u00e1 poss\u00edvel.<br \/>Para efeitos de determina\u00e7\u00e3o das 48 horas, a hora de registo das 15:00 horas ser\u00e1 considerada como o in\u00edcio das 24 horas.<\/p><p><span style=\"color: var( --e-global-color-text ); font-family: var( --e-global-typography-text-font-family ), Sans-serif; text-align: var(--text-align); background-color: transparent;\">* Quando a reserva \u00e9 efectuada atrav\u00e9s de outro canal que n\u00e3o o nosso s\u00edtio Web, aplicam-se as condi\u00e7\u00f5es de anula\u00e7\u00e3o da plataforma em causa.<\/span><\/p>\t\t\t\t\t\t\t\t<\/div>\n\t\t\t\t<\/div>\n\t\t\t\t<div class=\"elementor-element elementor-element-3bf6c49 elementor-widget elementor-widget-heading\" data-id=\"3bf6c49\" data-element_type=\"widget\" data-e-type=\"widget\" data-widget_type=\"heading.default\">\n\t\t\t\t<div class=\"elementor-widget-container\">\n\t\t\t\t\t<h5 class=\"elementor-heading-title elementor-size-default\">Responsabilidade civil<\/h5>\t\t\t\t<\/div>\n\t\t\t\t<\/div>\n\t\t\t\t<div class=\"elementor-element elementor-element-b1f2bb5 elementor-widget elementor-widget-heading\" data-id=\"b1f2bb5\" data-element_type=\"widget\" data-e-type=\"widget\" data-widget_type=\"heading.default\">\n\t\t\t\t<div class=\"elementor-widget-container\">\n\t\t\t\t\t<h6 class=\"elementor-heading-title elementor-size-default\">Objectos perdidos ou roubados<\/h6>\t\t\t\t<\/div>\n\t\t\t\t<\/div>\n\t\t\t\t<div class=\"elementor-element elementor-element-2c19bf2 elementor-widget elementor-widget-text-editor\" data-id=\"2c19bf2\" data-element_type=\"widget\" data-e-type=\"widget\" data-widget_type=\"text-editor.default\">\n\t\t\t\t<div class=\"elementor-widget-container\">\n\t\t\t\t\t\t\t\t\tSe, durante a sua estadia, ocorrer um incidente que provoque o roubo, a perda ou a deteriora\u00e7\u00e3o dos seus bens, o Garden n\u00e3o ser\u00e1 respons\u00e1vel por esse facto.\t\t\t\t\t\t\t\t<\/div>\n\t\t\t\t<\/div>\n\t\t\t\t<div class=\"elementor-element elementor-element-4dc8700 elementor-widget elementor-widget-heading\" data-id=\"4dc8700\" data-element_type=\"widget\" data-e-type=\"widget\" data-widget_type=\"heading.default\">\n\t\t\t\t<div class=\"elementor-widget-container\">\n\t\t\t\t\t<h6 class=\"elementor-heading-title elementor-size-default\">Sa\u00fade e seguran\u00e7a<\/h6>\t\t\t\t<\/div>\n\t\t\t\t<\/div>\n\t\t\t\t<div class=\"elementor-element elementor-element-e1737e5 elementor-widget elementor-widget-text-editor\" data-id=\"e1737e5\" data-element_type=\"widget\" data-e-type=\"widget\" data-widget_type=\"text-editor.default\">\n\t\t\t\t<div class=\"elementor-widget-container\">\n\t\t\t\t\t\t\t\t\t<p>Para garantir a seguran\u00e7a dos h\u00f3spedes e da nossa propriedade, pedimos-lhe que respeite o facto de n\u00e3o ser permitido fumar, no jardim ou no interior dos edif\u00edcios. Por favor, utilize os espa\u00e7os designados para o efeito.<\/p><p><span style=\"color: var( --e-global-color-text ); font-family: var( --e-global-typography-text-font-family ), Sans-serif; text-align: var(--text-align); background-color: transparent;\">Se tiver uma doen\u00e7a contagiosa, como uma constipa\u00e7\u00e3o ou uma gripe (emergente), pedimos-lhe que adie a sua estadia. Se desenvolver tais sintomas durante a sua estadia, pedimos-lhe que se isole o mais poss\u00edvel, conforme apropriado. Em caso de sintomas, pedimos-lhe que informe o pessoal. Neste caso, seguiremos as medidas p\u00fablicas aplic\u00e1veis.<\/span><\/p><p><span style=\"color: var( --e-global-color-text ); font-family: var( --e-global-typography-text-font-family ), Sans-serif; text-align: var(--text-align); background-color: transparent;\">O jardim e os arredores de N\u00edjar s\u00e3o um ambiente robusto. Durante os passeios, \u00e9 favor ter um cuidado especial. N\u00e3o nos responsabilizamos por eventuais acidentes durante a sua estadia.<\/span><\/p>\t\t\t\t\t\t\t\t<\/div>\n\t\t\t\t<\/div>\n\t\t\t\t<div class=\"elementor-element elementor-element-96b31e9 elementor-widget elementor-widget-heading\" data-id=\"96b31e9\" data-element_type=\"widget\" data-e-type=\"widget\" data-widget_type=\"heading.default\">\n\t\t\t\t<div class=\"elementor-widget-container\">\n\t\t\t\t\t<h6 class=\"elementor-heading-title elementor-size-default\">Privacidade<\/h6>\t\t\t\t<\/div>\n\t\t\t\t<\/div>\n\t\t\t\t<div class=\"elementor-element elementor-element-a749a62 elementor-widget elementor-widget-text-editor\" data-id=\"a749a62\" data-element_type=\"widget\" data-e-type=\"widget\" data-widget_type=\"text-editor.default\">\n\t\t\t\t<div class=\"elementor-widget-container\">\n\t\t\t\t\t\t\t\t\tEm certas ocasi\u00f5es, podemos querer tirar fotografias dos eventos e actividades que se realizam no centro de retiros e utiliz\u00e1-las para actividades promocionais. N\u00e3o publicaremos qualquer material em que apare\u00e7a sem o seu consentimento. \t\t\t\t\t\t\t\t<\/div>\n\t\t\t\t<\/div>\n\t\t\t\t<div class=\"elementor-element elementor-element-31535c2 elementor-widget elementor-widget-heading\" data-id=\"31535c2\" data-element_type=\"widget\" data-e-type=\"widget\" data-widget_type=\"heading.default\">\n\t\t\t\t<div class=\"elementor-widget-container\">\n\t\t\t\t\t<h6 class=\"elementor-heading-title elementor-size-default\">Contactar-nos<\/h6>\t\t\t\t<\/div>\n\t\t\t\t<\/div>\n\t\t\t\t<div class=\"elementor-element elementor-element-abf2735 elementor-widget elementor-widget-text-editor\" data-id=\"abf2735\" data-element_type=\"widget\" data-e-type=\"widget\" data-widget_type=\"text-editor.default\">\n\t\t\t\t<div class=\"elementor-widget-container\">\n\t\t\t\t\t\t\t\t\t<p>Se tiver alguma d\u00favida sobre as presentes condi\u00e7\u00f5es gerais, n\u00e3o hesite em contactar <a href=\"https:\/\/nijar.org\/pt\/contacto\/\">contactar-nos<\/a>.<\/p>\t\t\t\t\t\t\t\t<\/div>\n\t\t\t\t<\/div>\n\t\t\t\t<\/div>\n\t\t\t\t\t<\/div>\n\t\t\t\t<\/div>\n\t\t\t\t<\/div>","protected":false},"excerpt":{"rendered":"<p>Pol\u00edtica de reserva e cancelamento para estadias ou eventos no Jardim de N\u00e2m Pagamento e reserva A sua reserva \u00e9 definitiva ap\u00f3s a rece\u00e7\u00e3o do montante a pagar. Quando o pagamento...<\/p>","protected":false},"author":8,"featured_media":0,"parent":0,"menu_order":0,"comment_status":"closed","ping_status":"closed","template":"","meta":{"_kad_post_transparent":"","_kad_post_title":"hide","_kad_post_layout":"fullwidth","_kad_post_sidebar_id":"","_kad_post_content_style":"unboxed","_kad_post_vertical_padding":"hide","_kad_post_feature":"hide","_kad_post_feature_position":"","_kad_post_header":false,"_kad_post_footer":false,"_kad_post_classname":"","footnotes":""},"class_list":["post-7059","page","type-page","status-publish","hentry"],"aioseo_notices":[],"_links":{"self":[{"href":"https:\/\/nijar.org\/pt\/wp-json\/wp\/v2\/pages\/7059","targetHints":{"allow":["GET"]}}],"collection":[{"href":"https:\/\/nijar.org\/pt\/wp-json\/wp\/v2\/pages"}],"about":[{"href":"https:\/\/nijar.org\/pt\/wp-json\/wp\/v2\/types\/page"}],"author":[{"embeddable":true,"href":"https:\/\/nijar.org\/pt\/wp-json\/wp\/v2\/users\/8"}],"replies":[{"embeddable":true,"href":"https:\/\/nijar.org\/pt\/wp-json\/wp\/v2\/comments?post=7059"}],"version-history":[{"count":0,"href":"https:\/\/nijar.org\/pt\/wp-json\/wp\/v2\/pages\/7059\/revisions"}],"wp:attachment":[{"href":"https:\/\/nijar.org\/pt\/wp-json\/wp\/v2\/media?parent=7059"}],"curies":[{"name":"wp","href":"https:\/\/api.w.org\/{rel}","templated":true}]}}