{"id":6160,"date":"2024-02-03T17:23:26","date_gmt":"2024-02-03T16:23:26","guid":{"rendered":"https:\/\/nijar.org\/?page_id=6160"},"modified":"2024-02-03T17:32:51","modified_gmt":"2024-02-03T16:32:51","slug":"politica-de-privacidade","status":"publish","type":"page","link":"https:\/\/nijar.org\/pt\/politica-de-privacidade","title":{"rendered":"Pol\u00edtica de privacidade"},"content":{"rendered":"<p><em><strong>Recolha e utiliza\u00e7\u00e3o de informa\u00e7\u00f5es<\/strong><\/em><\/p>\n\n\n\n<p>Ao utilizar o nosso Web site, podemos pedir-lhe que nos forne\u00e7a determinadas informa\u00e7\u00f5es de identifica\u00e7\u00e3o pessoal que ser\u00e3o utilizadas apenas para o contactar ou identificar. Estas informa\u00e7\u00f5es podem incluir o nome e apelido, n\u00famero de telefone, e-mail, cidade, pa\u00eds, n\u00famero de conta banc\u00e1ria (quando efetuar uma reserva). Estas informa\u00e7\u00f5es pessoais n\u00e3o ser\u00e3o armazenadas, nem partilhadas com servi\u00e7os de terceiros ou quaisquer outros parceiros.<\/p>\n\n\n\n<p><em><strong>Dados de registo<\/strong><\/em><\/p>\n\n\n\n<p>Tal como muitos operadores de s\u00edtios, recolhemos informa\u00e7\u00f5es que o seu browser envia sempre que visita o nosso s\u00edtio (\"Dados de registo\").<\/p>\n\n\n\n<p>Estes dados de registo podem incluir informa\u00e7\u00f5es como o tipo de browser, a vers\u00e3o do browser, o pa\u00eds e a cidade do utilizador, as p\u00e1ginas do nosso Site que visita, a hora e a data da sua visita, o tempo passado nessas p\u00e1ginas e outras estat\u00edsticas.<\/p>\n\n\n\n<p>Al\u00e9m disso, utilizamos servi\u00e7os de terceiros, como o Google Analytics, que recolhem, monitorizam e analisam estes dados. No caso do Google Analytics, torn\u00e1mos an\u00f3nimo o seu endere\u00e7o IP para que n\u00e3o seja poss\u00edvel rastre\u00e1-lo pessoalmente.<\/p>\n\n\n\n<p><em><strong>Comunica\u00e7\u00f5es<\/strong><\/em><\/p>\n\n\n\n<p>Podemos utilizar os seus Dados Pessoais para o contactar para efeitos de reserva, boletins informativos\/materiais promocionais e outras informa\u00e7\u00f5es sobre Asharum Amonines, LivingN\u00e2m e todas as actividades relacionadas.<\/p>\n\n\n\n<p><em><strong>Biscoitos<\/strong><\/em><\/p>\n\n\n\n<p>Este s\u00edtio Web utiliza cookies. Utilizamos cookies para melhorar o conte\u00fado do nosso s\u00edtio Web, para fornecer funcionalidades de redes sociais e para analisar o nosso tr\u00e1fego. Tamb\u00e9m partilhamos informa\u00e7\u00f5es sobre a sua utiliza\u00e7\u00e3o do nosso s\u00edtio com os nossos parceiros de redes sociais, publicidade e an\u00e1lise, que as podem combinar com outras informa\u00e7\u00f5es que lhes tenha fornecido ou que tenham recolhido a partir da sua utiliza\u00e7\u00e3o dos respectivos servi\u00e7os<\/p>\n\n\n\n<p>Os cookies s\u00e3o ficheiros com uma pequena quantidade de dados, que podem incluir um identificador \u00fanico an\u00f3nimo. Os cookies s\u00e3o enviados para o seu browser a partir de um s\u00edtio Web e armazenados no disco r\u00edgido do seu computador.<\/p>\n\n\n\n<p>A lei estabelece que podemos armazenar cookies no seu dispositivo se forem estritamente necess\u00e1rios para o funcionamento deste s\u00edtio. Para todos os outros tipos de cookies, precisamos da sua autoriza\u00e7\u00e3o. Alguns cookies s\u00e3o tamb\u00e9m colocados por servi\u00e7os de terceiros que aparecem nas nossas p\u00e1ginas.<\/p>\n\n\n\n<p>O utilizador pode dar instru\u00e7\u00f5es ao seu navegador para recusar estes outros cookies (Estat\u00edsticas e Marketing). Al\u00e9m disso, o utilizador tem o direito de verificar, alterar ou retirar o seu consentimento da&nbsp;<strong><a href=\"https:\/\/nam-publishing.com\/cookie-policy-eu\/\">Pol\u00edtica de cookies<\/a><\/strong>&nbsp;no nosso s\u00edtio Web em qualquer altura - no final dessa p\u00e1gina, premindo \"Revogar o consentimento de cookies\".<\/p>\n\n\n\n<p>As informa\u00e7\u00f5es recolhidas com os cookies s\u00e3o an\u00f3nimas, pelo que n\u00e3o s\u00e3o apresentados endere\u00e7os IP.<\/p>\n\n\n\n<p>O utilizador tem o direito de apresentar uma queixa sobre cookies a uma autoridade de controlo; os dados de contacto encontram-se no final desta p\u00e1gina.<\/p>\n\n\n\n<p><em><strong>Seguran\u00e7a<\/strong><\/em><\/p>\n\n\n\n<p>A seguran\u00e7a das suas Informa\u00e7\u00f5es Pessoais \u00e9 importante para n\u00f3s, mas lembre-se que nenhum m\u00e9todo de transmiss\u00e3o atrav\u00e9s da Internet, ou m\u00e9todo de armazenamento eletr\u00f3nico, \u00e9 100% seguro. Embora nos esforcemos por utilizar meios comercialmente aceit\u00e1veis para proteger as suas Informa\u00e7\u00f5es Pessoais, n\u00e3o podemos garantir a sua seguran\u00e7a absoluta.<\/p>\n\n\n\n<p><em><strong>Altera\u00e7\u00f5es a esta pol\u00edtica de privacidade<\/strong><\/em><\/p>\n\n\n\n<p>Esta Pol\u00edtica de Privacidade entra em vigor a partir de 03 de fevereiro de 2020 e permanecer\u00e1 em vigor, exceto no que diz respeito a quaisquer altera\u00e7\u00f5es \u00e0s suas disposi\u00e7\u00f5es no futuro, que entrar\u00e3o em vigor imediatamente ap\u00f3s serem publicadas nesta p\u00e1gina.<\/p>\n\n\n\n<p>Reservamo-nos o direito de atualizar ou alterar a nossa Pol\u00edtica de Privacidade em qualquer altura e o utilizador deve consultar esta Pol\u00edtica de Privacidade periodicamente. A sua utiliza\u00e7\u00e3o continuada do Servi\u00e7o depois de publicarmos quaisquer modifica\u00e7\u00f5es \u00e0 Pol\u00edtica de Privacidade nesta p\u00e1gina constituir\u00e1 o seu reconhecimento das modifica\u00e7\u00f5es e o seu consentimento para cumprir e ficar vinculado \u00e0 Pol\u00edtica de Privacidade modificada.<\/p>\n\n\n\n<p>Se fizermos quaisquer altera\u00e7\u00f5es materiais a esta Pol\u00edtica de Privacidade, notific\u00e1-lo-emos atrav\u00e9s do endere\u00e7o de correio eletr\u00f3nico que nos forneceu ou colocando um aviso em destaque no nosso s\u00edtio Web.<\/p>\n\n\n\n<h2 class=\"wp-block-heading\"><strong>CONTACTE-NOS<\/strong><\/h2>\n\n\n\n<p>Se tiver alguma d\u00favida sobre a pol\u00edtica de privacidade ou uma reclama\u00e7\u00e3o, por favor&nbsp;<a href=\"https:\/\/nam-publishing.com\/contact-2\/\">contacto&nbsp;<\/a><a href=\"mailto:contact@livingnam.org\">n\u00f3s<\/a>.<\/p>","protected":false},"excerpt":{"rendered":"<p>Recolha e utiliza\u00e7\u00e3o de informa\u00e7\u00f5es Ao utilizar o nosso s\u00edtio Web, poderemos pedir-lhe que nos forne\u00e7a determinadas informa\u00e7\u00f5es de identifica\u00e7\u00e3o pessoal que ser\u00e3o utilizadas apenas para o contactar ou identificar....<\/p>","protected":false},"author":8,"featured_media":0,"parent":0,"menu_order":0,"comment_status":"closed","ping_status":"closed","template":"","meta":{"_kad_post_transparent":"","_kad_post_title":"","_kad_post_layout":"","_kad_post_sidebar_id":"","_kad_post_content_style":"","_kad_post_vertical_padding":"","_kad_post_feature":"","_kad_post_feature_position":"","_kad_post_header":false,"_kad_post_footer":false,"_kad_post_classname":"","footnotes":""},"class_list":["post-6160","page","type-page","status-publish","hentry"],"aioseo_notices":[],"_links":{"self":[{"href":"https:\/\/nijar.org\/pt\/wp-json\/wp\/v2\/pages\/6160","targetHints":{"allow":["GET"]}}],"collection":[{"href":"https:\/\/nijar.org\/pt\/wp-json\/wp\/v2\/pages"}],"about":[{"href":"https:\/\/nijar.org\/pt\/wp-json\/wp\/v2\/types\/page"}],"author":[{"embeddable":true,"href":"https:\/\/nijar.org\/pt\/wp-json\/wp\/v2\/users\/8"}],"replies":[{"embeddable":true,"href":"https:\/\/nijar.org\/pt\/wp-json\/wp\/v2\/comments?post=6160"}],"version-history":[{"count":0,"href":"https:\/\/nijar.org\/pt\/wp-json\/wp\/v2\/pages\/6160\/revisions"}],"wp:attachment":[{"href":"https:\/\/nijar.org\/pt\/wp-json\/wp\/v2\/media?parent=6160"}],"curies":[{"name":"wp","href":"https:\/\/api.w.org\/{rel}","templated":true}]}}