{"id":7059,"date":"2024-02-28T20:13:18","date_gmt":"2024-02-28T19:13:18","guid":{"rendered":"https:\/\/nijar.org\/?page_id=7059"},"modified":"2024-02-28T20:26:02","modified_gmt":"2024-02-28T19:26:02","slug":"politica-de-reservas-y-cancelaciones","status":"publish","type":"page","link":"https:\/\/nijar.org\/es\/politica-de-reservas-y-cancelaciones","title":{"rendered":"Pol\u00edtica de reservas y cancelaciones"},"content":{"rendered":"<div data-elementor-type=\"wp-page\" data-elementor-id=\"7059\" class=\"elementor elementor-7059\" data-elementor-post-type=\"page\">\n\t\t\t\t<div class=\"elementor-element elementor-element-58b89fe e-flex e-con-boxed e-con e-parent\" data-id=\"58b89fe\" data-element_type=\"container\" data-e-type=\"container\">\n\t\t\t\t\t<div class=\"e-con-inner\">\n\t\t<div class=\"elementor-element elementor-element-bb9e06c e-flex e-con-boxed e-con e-child\" data-id=\"bb9e06c\" data-element_type=\"container\" data-e-type=\"container\">\n\t\t\t\t\t<div class=\"e-con-inner\">\n\t\t\t\t<div class=\"elementor-element elementor-element-fe37ca0 elementor-widget elementor-widget-heading\" data-id=\"fe37ca0\" data-element_type=\"widget\" data-e-type=\"widget\" data-widget_type=\"heading.default\">\n\t\t\t\t<div class=\"elementor-widget-container\">\n\t\t\t\t\t<h3 class=\"elementor-heading-title elementor-size-default\">Pol\u00edtica de reservas y cancelaciones para estancias o eventos en el Jard\u00edn de N\u00e2m<\/h3>\t\t\t\t<\/div>\n\t\t\t\t<\/div>\n\t\t\t\t\t<\/div>\n\t\t\t\t<\/div>\n\t\t<div class=\"elementor-element elementor-element-882a312 e-con-full e-flex e-con e-child\" data-id=\"882a312\" data-element_type=\"container\" data-e-type=\"container\">\n\t\t\t\t<div class=\"elementor-element elementor-element-dea5e81 elementor-widget elementor-widget-heading\" data-id=\"dea5e81\" data-element_type=\"widget\" data-e-type=\"widget\" data-widget_type=\"heading.default\">\n\t\t\t\t<div class=\"elementor-widget-container\">\n\t\t\t\t\t<h5 class=\"elementor-heading-title elementor-size-default\">Pago y reserva<\/h5>\t\t\t\t<\/div>\n\t\t\t\t<\/div>\n\t\t\t\t<div class=\"elementor-element elementor-element-1fb4593 elementor-widget elementor-widget-text-editor\" data-id=\"1fb4593\" data-element_type=\"widget\" data-e-type=\"widget\" data-widget_type=\"text-editor.default\">\n\t\t\t\t<div class=\"elementor-widget-container\">\n\t\t\t\t\t\t\t\t\tSu reserva es definitiva una vez recibido el importe a pagar.\nUna vez recibido el pago, se confirmar\u00e1 su reserva por correo electr\u00f3nico. Si lo desea, podemos facilitarle una factura.\n\t\t\t\t\t\t\t\t<\/div>\n\t\t\t\t<\/div>\n\t\t\t\t<div class=\"elementor-element elementor-element-f49e3bd elementor-widget elementor-widget-heading\" data-id=\"f49e3bd\" data-element_type=\"widget\" data-e-type=\"widget\" data-widget_type=\"heading.default\">\n\t\t\t\t<div class=\"elementor-widget-container\">\n\t\t\t\t\t<h5 class=\"elementor-heading-title elementor-size-default\">Pol\u00edtica de cancelaci\u00f3n<\/h5>\t\t\t\t<\/div>\n\t\t\t\t<\/div>\n\t\t\t\t<div class=\"elementor-element elementor-element-7d728da elementor-widget elementor-widget-text-editor\" data-id=\"7d728da\" data-element_type=\"widget\" data-e-type=\"widget\" data-widget_type=\"text-editor.default\">\n\t\t\t\t<div class=\"elementor-widget-container\">\n\t\t\t\t\t\t\t\t\t<p>En caso de que necesite cancelar su reserva, le invitamos a utilizar nuestra oferta para reprogramarla, sin coste alguno. En caso de que a\u00fan no conozca las fechas, no pasa nada. Puede programar sus nuevas fechas en el plazo de un a\u00f1o tras la cancelaci\u00f3n.<\/p><p>Si desea que se le reembolse, tenga en cuenta que se aplicar\u00e1n las siguientes condiciones:<\/p><p>1: Si cancela su reserva hasta con tres meses de antelaci\u00f3n, reembolso de 100% del importe total de su reserva.<br \/>2: Si cancela su reserva hasta con un mes de antelaci\u00f3n, reembolso del 75 % del importe total de su reserva.<br \/>3: Si cancela su reserva hasta dos semanas antes de la fecha de inicio, reembolso de 50 % del importe total de su reserva.<br \/>4: En caso de cancelaci\u00f3n dentro de las dos semanas anteriores a la fecha de inicio, no se efectuar\u00e1 ning\u00fan reembolso. Deber\u00e1 abonar el importe total de la reserva.<\/p><p>Si decide marcharse antes durante su estancia, aplicamos una pol\u00edtica de 48 horas y se cobrar\u00e1n las noches que queden dentro de ese plazo. Para las noches restantes, se le invita a reprogramar las fechas otro periodo sin costes, en el plazo de un a\u00f1o tras la cancelaci\u00f3n. No ser\u00e1 posible el reembolso.<br \/>A efectos de determinar las 48 horas, la hora de entrada a las 15:00 horas contar\u00e1 como el inicio de las 24 horas.<\/p><p><span style=\"color: var( --e-global-color-text ); font-family: var( --e-global-typography-text-font-family ), Sans-serif; text-align: var(--text-align); background-color: transparent;\">* Si reserva a trav\u00e9s de un canal distinto a nuestra p\u00e1gina web, se aplicar\u00e1n las condiciones de cancelaci\u00f3n de la plataforma en cuesti\u00f3n.<\/span><\/p>\t\t\t\t\t\t\t\t<\/div>\n\t\t\t\t<\/div>\n\t\t\t\t<div class=\"elementor-element elementor-element-3bf6c49 elementor-widget elementor-widget-heading\" data-id=\"3bf6c49\" data-element_type=\"widget\" data-e-type=\"widget\" data-widget_type=\"heading.default\">\n\t\t\t\t<div class=\"elementor-widget-container\">\n\t\t\t\t\t<h5 class=\"elementor-heading-title elementor-size-default\">Responsabilidad<\/h5>\t\t\t\t<\/div>\n\t\t\t\t<\/div>\n\t\t\t\t<div class=\"elementor-element elementor-element-b1f2bb5 elementor-widget elementor-widget-heading\" data-id=\"b1f2bb5\" data-element_type=\"widget\" data-e-type=\"widget\" data-widget_type=\"heading.default\">\n\t\t\t\t<div class=\"elementor-widget-container\">\n\t\t\t\t\t<h6 class=\"elementor-heading-title elementor-size-default\">Objetos perdidos o robados<\/h6>\t\t\t\t<\/div>\n\t\t\t\t<\/div>\n\t\t\t\t<div class=\"elementor-element elementor-element-2c19bf2 elementor-widget elementor-widget-text-editor\" data-id=\"2c19bf2\" data-element_type=\"widget\" data-e-type=\"widget\" data-widget_type=\"text-editor.default\">\n\t\t\t\t<div class=\"elementor-widget-container\">\n\t\t\t\t\t\t\t\t\tSi durante su estancia se produce un incidente que provoque el robo, la p\u00e9rdida o el deterioro de sus pertenencias, el Jard\u00edn no ser\u00e1 responsable de ello.\t\t\t\t\t\t\t\t<\/div>\n\t\t\t\t<\/div>\n\t\t\t\t<div class=\"elementor-element elementor-element-4dc8700 elementor-widget elementor-widget-heading\" data-id=\"4dc8700\" data-element_type=\"widget\" data-e-type=\"widget\" data-widget_type=\"heading.default\">\n\t\t\t\t<div class=\"elementor-widget-container\">\n\t\t\t\t\t<h6 class=\"elementor-heading-title elementor-size-default\">Salud y seguridad<\/h6>\t\t\t\t<\/div>\n\t\t\t\t<\/div>\n\t\t\t\t<div class=\"elementor-element elementor-element-e1737e5 elementor-widget elementor-widget-text-editor\" data-id=\"e1737e5\" data-element_type=\"widget\" data-e-type=\"widget\" data-widget_type=\"text-editor.default\">\n\t\t\t\t<div class=\"elementor-widget-container\">\n\t\t\t\t\t\t\t\t\t<p>Para garantizar la seguridad de los hu\u00e9spedes y de nuestra propiedad, le rogamos que respete que no est\u00e1 permitido fumar, ni en el jard\u00edn ni en el interior de los edificios. Por favor, utilice los espacios designados.<\/p><p><span style=\"color: var( --e-global-color-text ); font-family: var( --e-global-typography-text-font-family ), Sans-serif; text-align: var(--text-align); background-color: transparent;\">Si padece una enfermedad contagiosa, como un resfriado o una gripe (incipiente), le rogamos que posponga su estancia. Si desarrolla tales s\u00edntomas durante su estancia, le rogamos que se a\u00edsle en la medida de lo posible, seg\u00fan proceda. En caso de s\u00edntomas, le rogamos que informe al personal. En este caso, seguiremos las medidas p\u00fablicas aplicables.<\/span><\/p><p><span style=\"color: var( --e-global-color-text ); font-family: var( --e-global-typography-text-font-family ), Sans-serif; text-align: var(--text-align); background-color: transparent;\">Tenga en cuenta que el jard\u00edn y los alrededores de N\u00edjar son un entorno robusto. Durante los paseos, por favor, tenga especial cuidado. No nos hacemos responsables de ning\u00fan accidente durante su estancia.<\/span><\/p>\t\t\t\t\t\t\t\t<\/div>\n\t\t\t\t<\/div>\n\t\t\t\t<div class=\"elementor-element elementor-element-96b31e9 elementor-widget elementor-widget-heading\" data-id=\"96b31e9\" data-element_type=\"widget\" data-e-type=\"widget\" data-widget_type=\"heading.default\">\n\t\t\t\t<div class=\"elementor-widget-container\">\n\t\t\t\t\t<h6 class=\"elementor-heading-title elementor-size-default\">Privacidad<\/h6>\t\t\t\t<\/div>\n\t\t\t\t<\/div>\n\t\t\t\t<div class=\"elementor-element elementor-element-a749a62 elementor-widget elementor-widget-text-editor\" data-id=\"a749a62\" data-element_type=\"widget\" data-e-type=\"widget\" data-widget_type=\"text-editor.default\">\n\t\t\t\t<div class=\"elementor-widget-container\">\n\t\t\t\t\t\t\t\t\tEn determinadas ocasiones, es posible que deseemos tomar fotograf\u00edas de los eventos y actividades que tienen lugar en el centro de retiros, y utilizarlas para actividades promocionales. Tenga en cuenta que no publicaremos ning\u00fan material en el que usted aparezca sin su consentimiento. \t\t\t\t\t\t\t\t<\/div>\n\t\t\t\t<\/div>\n\t\t\t\t<div class=\"elementor-element elementor-element-31535c2 elementor-widget elementor-widget-heading\" data-id=\"31535c2\" data-element_type=\"widget\" data-e-type=\"widget\" data-widget_type=\"heading.default\">\n\t\t\t\t<div class=\"elementor-widget-container\">\n\t\t\t\t\t<h6 class=\"elementor-heading-title elementor-size-default\">Contacte con nosotros<\/h6>\t\t\t\t<\/div>\n\t\t\t\t<\/div>\n\t\t\t\t<div class=\"elementor-element elementor-element-abf2735 elementor-widget elementor-widget-text-editor\" data-id=\"abf2735\" data-element_type=\"widget\" data-e-type=\"widget\" data-widget_type=\"text-editor.default\">\n\t\t\t\t<div class=\"elementor-widget-container\">\n\t\t\t\t\t\t\t\t\t<p>Si tiene alguna pregunta sobre estas condiciones, no dude en dirigirse a <a href=\"https:\/\/nijar.org\/es\/pongase-en-contacto-con\/\">Contacto<\/a>.<\/p>\t\t\t\t\t\t\t\t<\/div>\n\t\t\t\t<\/div>\n\t\t\t\t<\/div>\n\t\t\t\t\t<\/div>\n\t\t\t\t<\/div>\n\t\t\t\t<\/div>","protected":false},"excerpt":{"rendered":"<p>Pol\u00edtica de reserva y cancelaci\u00f3n para estancias o eventos en el Jard\u00edn de N\u00e2m Pago y reserva Su reserva es definitiva una vez recibido el importe a pagar. Cuando el pago...<\/p>","protected":false},"author":8,"featured_media":0,"parent":0,"menu_order":0,"comment_status":"closed","ping_status":"closed","template":"","meta":{"_kad_post_transparent":"","_kad_post_title":"hide","_kad_post_layout":"fullwidth","_kad_post_sidebar_id":"","_kad_post_content_style":"unboxed","_kad_post_vertical_padding":"hide","_kad_post_feature":"hide","_kad_post_feature_position":"","_kad_post_header":false,"_kad_post_footer":false,"_kad_post_classname":"","footnotes":""},"class_list":["post-7059","page","type-page","status-publish","hentry"],"aioseo_notices":[],"_links":{"self":[{"href":"https:\/\/nijar.org\/es\/wp-json\/wp\/v2\/pages\/7059","targetHints":{"allow":["GET"]}}],"collection":[{"href":"https:\/\/nijar.org\/es\/wp-json\/wp\/v2\/pages"}],"about":[{"href":"https:\/\/nijar.org\/es\/wp-json\/wp\/v2\/types\/page"}],"author":[{"embeddable":true,"href":"https:\/\/nijar.org\/es\/wp-json\/wp\/v2\/users\/8"}],"replies":[{"embeddable":true,"href":"https:\/\/nijar.org\/es\/wp-json\/wp\/v2\/comments?post=7059"}],"version-history":[{"count":0,"href":"https:\/\/nijar.org\/es\/wp-json\/wp\/v2\/pages\/7059\/revisions"}],"wp:attachment":[{"href":"https:\/\/nijar.org\/es\/wp-json\/wp\/v2\/media?parent=7059"}],"curies":[{"name":"wp","href":"https:\/\/api.w.org\/{rel}","templated":true}]}}