{"id":6160,"date":"2024-02-03T17:23:26","date_gmt":"2024-02-03T16:23:26","guid":{"rendered":"https:\/\/nijar.org\/?page_id=6160"},"modified":"2024-02-03T17:32:51","modified_gmt":"2024-02-03T16:32:51","slug":"politica-de-privacidad-2","status":"publish","type":"page","link":"https:\/\/nijar.org\/es\/politica-de-privacidad-2","title":{"rendered":"Pol\u00edtica de privacidad"},"content":{"rendered":"<p><em><strong>Recogida y uso de la informaci\u00f3n<\/strong><\/em><\/p>\n\n\n\n<p>Al utilizar nuestro sitio web, es posible que le pidamos que nos proporcione cierta informaci\u00f3n de identificaci\u00f3n personal que se utilizar\u00e1 \u00fanicamente para ponernos en contacto con usted o identificarle. Estos datos pueden incluir nombre y apellidos, n\u00famero de tel\u00e9fono, correo electr\u00f3nico, ciudad, pa\u00eds y n\u00famero de cuenta bancaria (en caso de reserva). Esta informaci\u00f3n personal no se almacenar\u00e1 ni se compartir\u00e1 con servicios de terceros ni con ning\u00fan otro socio.<\/p>\n\n\n\n<p><em><strong>Datos de registro<\/strong><\/em><\/p>\n\n\n\n<p>Al igual que muchos operadores de sitios web, recopilamos informaci\u00f3n que su navegador env\u00eda cada vez que visita nuestro sitio (\"Datos de registro\").<\/p>\n\n\n\n<p>Estos datos de registro pueden incluir informaci\u00f3n como su tipo de navegador, versi\u00f3n del navegador, pa\u00eds y ciudad, las p\u00e1ginas de nuestro sitio que visita, la hora y fecha de su visita, el tiempo que pasa en esas p\u00e1ginas y otras estad\u00edsticas.<\/p>\n\n\n\n<p>Adem\u00e1s, utilizamos servicios de terceros, como Google Analytics, que recopilan, supervisan y analizan estos datos. En el caso de Google Analytics, hemos anonimizado su direcci\u00f3n IP para que no pueda rastrearle personalmente.<\/p>\n\n\n\n<p><em><strong>Comunicaciones<\/strong><\/em><\/p>\n\n\n\n<p>Podremos utilizar sus Datos Personales para ponernos en contacto con usted en relaci\u00f3n con su reserva, boletines informativos\/materiales promocionales y otra informaci\u00f3n sobre Asharum Amonines, LivingN\u00e2m y todas las actividades relacionadas.<\/p>\n\n\n\n<p><em><strong>Cookies<\/strong><\/em><\/p>\n\n\n\n<p>Este sitio web utiliza cookies. Utilizamos cookies para mejorar el contenido de nuestro sitio web, ofrecer funciones de redes sociales y analizar nuestro tr\u00e1fico. Tambi\u00e9n compartimos informaci\u00f3n sobre el uso que usted hace de nuestro sitio con nuestros socios de redes sociales, publicidad y an\u00e1lisis, que pueden combinarla con otra informaci\u00f3n que usted les haya proporcionado o que hayan recopilado a partir del uso que usted hace de sus servicios.<\/p>\n\n\n\n<p>Las cookies son archivos con peque\u00f1as cantidades de datos, que pueden incluir un identificador \u00fanico an\u00f3nimo. Las cookies se env\u00edan a su navegador desde un sitio web y se almacenan en el disco duro de su ordenador.<\/p>\n\n\n\n<p>La ley establece que podemos almacenar cookies en su dispositivo si son estrictamente necesarias para el funcionamiento de este sitio. Para todos los dem\u00e1s tipos de cookies necesitamos su permiso. Algunas cookies tambi\u00e9n son colocadas por servicios de terceros que aparecen en nuestras p\u00e1ginas.<\/p>\n\n\n\n<p>Puede indicar a su navegador que rechace estas otras cookies (Estad\u00edsticas y Marketing). Adem\u00e1s, tiene derecho a comprobar, modificar o retirar su consentimiento de las&nbsp;<strong><a href=\"https:\/\/nam-publishing.com\/cookie-policy-eu\/\">Pol\u00edtica de cookies<\/a><\/strong>&nbsp;en nuestro sitio web en cualquier momento - al final de esa p\u00e1gina pulsando \"Revocar consentimiento de cookies\".<\/p>\n\n\n\n<p>La informaci\u00f3n que se recoge con las cookies es an\u00f3nima, por lo que no se muestran direcciones IP.<\/p>\n\n\n\n<p>Tiene derecho a presentar una reclamaci\u00f3n sobre las cookies ante una autoridad supervisora; encontrar\u00e1 los datos de contacto al final de esta p\u00e1gina.<\/p>\n\n\n\n<p><em><strong>Seguridad<\/strong><\/em><\/p>\n\n\n\n<p>La seguridad de su Informaci\u00f3n Personal es importante para nosotros, pero recuerde que ning\u00fan m\u00e9todo de transmisi\u00f3n por Internet, o m\u00e9todo de almacenamiento electr\u00f3nico, es 100% seguro. Aunque nos esforzamos por utilizar medios comercialmente aceptables para proteger su Informaci\u00f3n Personal, no podemos garantizar su seguridad absoluta.<\/p>\n\n\n\n<p><em><strong>Cambios en esta pol\u00edtica de privacidad<\/strong><\/em><\/p>\n\n\n\n<p>Esta Pol\u00edtica de Privacidad es efectiva a partir del 03 de febrero de 2020 y permanecer\u00e1 en vigor excepto en lo que respecta a cualquier cambio en sus disposiciones en el futuro, que entrar\u00e1 en vigor inmediatamente despu\u00e9s de ser publicado en esta p\u00e1gina.<\/p>\n\n\n\n<p>Nos reservamos el derecho a actualizar o modificar nuestra Pol\u00edtica de Privacidad en cualquier momento, por lo que deber\u00e1 consultarla peri\u00f3dicamente. Su uso continuado del Servicio despu\u00e9s de que publiquemos cualquier modificaci\u00f3n de la Pol\u00edtica de Privacidad en esta p\u00e1gina constituir\u00e1 su reconocimiento de las modificaciones y su consentimiento para acatar y estar obligado por la Pol\u00edtica de Privacidad modificada.<\/p>\n\n\n\n<p>Si introducimos alg\u00fan cambio sustancial en esta Pol\u00edtica de Privacidad, se lo notificaremos a trav\u00e9s de la direcci\u00f3n de correo electr\u00f3nico que nos haya facilitado o mediante un aviso destacado en nuestro sitio web.<\/p>\n\n\n\n<h2 class=\"wp-block-heading\"><strong>CONTACTO<\/strong><\/h2>\n\n\n\n<p>Si tiene alguna pregunta sobre la pol\u00edtica de privacidad o desea presentar una queja, puede hacerlo en&nbsp;<a href=\"https:\/\/nam-publishing.com\/contact-2\/\">p\u00f3ngase en contacto con&nbsp;<\/a><a href=\"mailto:contact@livingnam.org\">us<\/a>.<\/p>","protected":false},"excerpt":{"rendered":"<p>Recopilaci\u00f3n y uso de la informaci\u00f3n Al utilizar nuestro sitio web, es posible que le pidamos que nos proporcione cierta informaci\u00f3n de identificaci\u00f3n personal que se utilizar\u00e1 \u00fanicamente para ponernos en contacto con usted o identificarle.....<\/p>","protected":false},"author":8,"featured_media":0,"parent":0,"menu_order":0,"comment_status":"closed","ping_status":"closed","template":"","meta":{"_kad_post_transparent":"","_kad_post_title":"","_kad_post_layout":"","_kad_post_sidebar_id":"","_kad_post_content_style":"","_kad_post_vertical_padding":"","_kad_post_feature":"","_kad_post_feature_position":"","_kad_post_header":false,"_kad_post_footer":false,"_kad_post_classname":"","footnotes":""},"class_list":["post-6160","page","type-page","status-publish","hentry"],"aioseo_notices":[],"_links":{"self":[{"href":"https:\/\/nijar.org\/es\/wp-json\/wp\/v2\/pages\/6160","targetHints":{"allow":["GET"]}}],"collection":[{"href":"https:\/\/nijar.org\/es\/wp-json\/wp\/v2\/pages"}],"about":[{"href":"https:\/\/nijar.org\/es\/wp-json\/wp\/v2\/types\/page"}],"author":[{"embeddable":true,"href":"https:\/\/nijar.org\/es\/wp-json\/wp\/v2\/users\/8"}],"replies":[{"embeddable":true,"href":"https:\/\/nijar.org\/es\/wp-json\/wp\/v2\/comments?post=6160"}],"version-history":[{"count":0,"href":"https:\/\/nijar.org\/es\/wp-json\/wp\/v2\/pages\/6160\/revisions"}],"wp:attachment":[{"href":"https:\/\/nijar.org\/es\/wp-json\/wp\/v2\/media?parent=6160"}],"curies":[{"name":"wp","href":"https:\/\/api.w.org\/{rel}","templated":true}]}}