{"id":7059,"date":"2024-02-28T20:13:18","date_gmt":"2024-02-28T19:13:18","guid":{"rendered":"https:\/\/nijar.org\/?page_id=7059"},"modified":"2024-02-28T20:26:02","modified_gmt":"2024-02-28T19:26:02","slug":"reservierungs-und-stornierungsbedingungen","status":"publish","type":"page","link":"https:\/\/nijar.org\/de\/reservierungs-und-stornierungsbedingungen","title":{"rendered":"Reservierungs- und Stornierungsbedingungen"},"content":{"rendered":"<div data-elementor-type=\"wp-page\" data-elementor-id=\"7059\" class=\"elementor elementor-7059\" data-elementor-post-type=\"page\">\n\t\t\t\t<div class=\"elementor-element elementor-element-58b89fe e-flex e-con-boxed e-con e-parent\" data-id=\"58b89fe\" data-element_type=\"container\" data-e-type=\"container\">\n\t\t\t\t\t<div class=\"e-con-inner\">\n\t\t<div class=\"elementor-element elementor-element-bb9e06c e-flex e-con-boxed e-con e-child\" data-id=\"bb9e06c\" data-element_type=\"container\" data-e-type=\"container\">\n\t\t\t\t\t<div class=\"e-con-inner\">\n\t\t\t\t<div class=\"elementor-element elementor-element-fe37ca0 elementor-widget elementor-widget-heading\" data-id=\"fe37ca0\" data-element_type=\"widget\" data-e-type=\"widget\" data-widget_type=\"heading.default\">\n\t\t\t\t<div class=\"elementor-widget-container\">\n\t\t\t\t\t<h3 class=\"elementor-heading-title elementor-size-default\">Reservierungs- und Stornierungsbedingungen f\u00fcr Aufenthalte oder Veranstaltungen im Garten von N\u00e2m<\/h3>\t\t\t\t<\/div>\n\t\t\t\t<\/div>\n\t\t\t\t\t<\/div>\n\t\t\t\t<\/div>\n\t\t<div class=\"elementor-element elementor-element-882a312 e-con-full e-flex e-con e-child\" data-id=\"882a312\" data-element_type=\"container\" data-e-type=\"container\">\n\t\t\t\t<div class=\"elementor-element elementor-element-dea5e81 elementor-widget elementor-widget-heading\" data-id=\"dea5e81\" data-element_type=\"widget\" data-e-type=\"widget\" data-widget_type=\"heading.default\">\n\t\t\t\t<div class=\"elementor-widget-container\">\n\t\t\t\t\t<h5 class=\"elementor-heading-title elementor-size-default\">Bezahlung und Reservierung<\/h5>\t\t\t\t<\/div>\n\t\t\t\t<\/div>\n\t\t\t\t<div class=\"elementor-element elementor-element-1fb4593 elementor-widget elementor-widget-text-editor\" data-id=\"1fb4593\" data-element_type=\"widget\" data-e-type=\"widget\" data-widget_type=\"text-editor.default\">\n\t\t\t\t<div class=\"elementor-widget-container\">\n\t\t\t\t\t\t\t\t\tIhre Reservierung ist endg\u00fcltig, sobald der zu zahlende Betrag eingegangen ist.\nSobald die Zahlung eingegangen ist, wird Ihre Reservierung per E-Mail best\u00e4tigt. Auf Anfrage k\u00f6nnen wir Ihnen eine Rechnung ausstellen.\n\t\t\t\t\t\t\t\t<\/div>\n\t\t\t\t<\/div>\n\t\t\t\t<div class=\"elementor-element elementor-element-f49e3bd elementor-widget elementor-widget-heading\" data-id=\"f49e3bd\" data-element_type=\"widget\" data-e-type=\"widget\" data-widget_type=\"heading.default\">\n\t\t\t\t<div class=\"elementor-widget-container\">\n\t\t\t\t\t<h5 class=\"elementor-heading-title elementor-size-default\">Stornierungspolitik<\/h5>\t\t\t\t<\/div>\n\t\t\t\t<\/div>\n\t\t\t\t<div class=\"elementor-element elementor-element-7d728da elementor-widget elementor-widget-text-editor\" data-id=\"7d728da\" data-element_type=\"widget\" data-e-type=\"widget\" data-widget_type=\"text-editor.default\">\n\t\t\t\t<div class=\"elementor-widget-container\">\n\t\t\t\t\t\t\t\t\t<p>Falls Sie Ihre Buchung stornieren m\u00fcssen, laden wir Sie ein, unser Angebot zu nutzen, Ihre Buchung kostenlos zu verschieben. Falls Sie die Daten noch nicht kennen, ist das kein Problem. Sie k\u00f6nnen Ihre neuen Termine innerhalb eines Jahres nach der Stornierung festlegen.<\/p><p>Wenn Sie eine Erstattung w\u00fcnschen, beachten Sie bitte, dass die folgenden Bedingungen gelten:<\/p><p>1: Wenn Sie Ihre Buchung bis zu drei Monate im Voraus stornieren, R\u00fcckerstattung von 100% des Gesamtbetrags Ihrer Buchung.<br \/>2: Wenn Sie Ihre Buchung bis zu einem Monat im Voraus stornieren, R\u00fcckerstattung von 75 % des Gesamtbetrags Ihrer Buchung.<br \/>3: Wenn Sie Ihre Buchung bis zu zwei Wochen vor dem Startdatum stornieren, erstatten wir Ihnen 50 % des Gesamtbetrags Ihrer Buchung.<br \/>4: Im Falle einer Stornierung innerhalb von zwei Wochen vor Kursbeginn ist keine R\u00fcckerstattung m\u00f6glich. Sie sind dann verpflichtet, den vollen Betrag Ihrer Buchung zu zahlen.<\/p><p>Sollten Sie w\u00e4hrend Ihres Aufenthalts fr\u00fcher abreisen, gilt eine 48-Stunden-Regelung, und die N\u00e4chte, die innerhalb von 48 Stunden liegen, werden berechnet. F\u00fcr die verbleibenden N\u00e4chte k\u00f6nnen Sie die Daten innerhalb eines Jahres nach der Stornierung kostenlos auf einen anderen Zeitraum verschieben. Eine R\u00fcckerstattung wird nicht m\u00f6glich sein.<br \/>F\u00fcr die Berechnung der 48 Stunden gilt die Check-in-Zeit von 15:00 Uhr als Beginn der 24 Stunden.<\/p><p><span style=\"color: var( --e-global-color-text ); font-family: var( --e-global-typography-text-font-family ), Sans-serif; text-align: var(--text-align); background-color: transparent;\">* Wenn Sie \u00fcber einen anderen Kanal als unsere eigene Website buchen, gelten die Stornierungsbedingungen der betreffenden Plattform.<\/span><\/p>\t\t\t\t\t\t\t\t<\/div>\n\t\t\t\t<\/div>\n\t\t\t\t<div class=\"elementor-element elementor-element-3bf6c49 elementor-widget elementor-widget-heading\" data-id=\"3bf6c49\" data-element_type=\"widget\" data-e-type=\"widget\" data-widget_type=\"heading.default\">\n\t\t\t\t<div class=\"elementor-widget-container\">\n\t\t\t\t\t<h5 class=\"elementor-heading-title elementor-size-default\">Haftung<\/h5>\t\t\t\t<\/div>\n\t\t\t\t<\/div>\n\t\t\t\t<div class=\"elementor-element elementor-element-b1f2bb5 elementor-widget elementor-widget-heading\" data-id=\"b1f2bb5\" data-element_type=\"widget\" data-e-type=\"widget\" data-widget_type=\"heading.default\">\n\t\t\t\t<div class=\"elementor-widget-container\">\n\t\t\t\t\t<h6 class=\"elementor-heading-title elementor-size-default\">Verlorene oder gestohlene Gegenst\u00e4nde<\/h6>\t\t\t\t<\/div>\n\t\t\t\t<\/div>\n\t\t\t\t<div class=\"elementor-element elementor-element-2c19bf2 elementor-widget elementor-widget-text-editor\" data-id=\"2c19bf2\" data-element_type=\"widget\" data-e-type=\"widget\" data-widget_type=\"text-editor.default\">\n\t\t\t\t<div class=\"elementor-widget-container\">\n\t\t\t\t\t\t\t\t\tSollte es w\u00e4hrend Ihres Aufenthalts zu einem Vorfall kommen, der zu Diebstahl, Verlust oder Besch\u00e4digung Ihres Eigentums f\u00fchrt, kann der Garten nicht daf\u00fcr haftbar gemacht werden.\t\t\t\t\t\t\t\t<\/div>\n\t\t\t\t<\/div>\n\t\t\t\t<div class=\"elementor-element elementor-element-4dc8700 elementor-widget elementor-widget-heading\" data-id=\"4dc8700\" data-element_type=\"widget\" data-e-type=\"widget\" data-widget_type=\"heading.default\">\n\t\t\t\t<div class=\"elementor-widget-container\">\n\t\t\t\t\t<h6 class=\"elementor-heading-title elementor-size-default\">Gesundheit und Sicherheit<\/h6>\t\t\t\t<\/div>\n\t\t\t\t<\/div>\n\t\t\t\t<div class=\"elementor-element elementor-element-e1737e5 elementor-widget elementor-widget-text-editor\" data-id=\"e1737e5\" data-element_type=\"widget\" data-e-type=\"widget\" data-widget_type=\"text-editor.default\">\n\t\t\t\t<div class=\"elementor-widget-container\">\n\t\t\t\t\t\t\t\t\t<p>Um die Sicherheit der G\u00e4ste und unseres Eigentums zu gew\u00e4hrleisten, bitten wir Sie zu respektieren, dass das Rauchen im Garten und in den Geb\u00e4uden nicht erlaubt ist. Bitte benutzen Sie die daf\u00fcr vorgesehenen Pl\u00e4tze.<\/p><p><span style=\"color: var( --e-global-color-text ); font-family: var( --e-global-typography-text-font-family ), Sans-serif; text-align: var(--text-align); background-color: transparent;\">Wenn Sie an einer ansteckenden Krankheit wie einer Erk\u00e4ltung oder einer (beginnenden) Grippe leiden, bitten wir Sie, Ihren Aufenthalt zu verschieben. Sollten Sie w\u00e4hrend Ihres Aufenthalts derartige Symptome entwickeln, bitten wir Sie, sich so weit wie m\u00f6glich zu isolieren, sofern dies m\u00f6glich ist. Im Falle von Symptomen bitten wir Sie, das Personal zu informieren. In diesem Fall werden wir die entsprechenden \u00f6ffentlichen Ma\u00dfnahmen ergreifen.<\/span><\/p><p><span style=\"color: var( --e-global-color-text ); font-family: var( --e-global-typography-text-font-family ), Sans-serif; text-align: var(--text-align); background-color: transparent;\">Bitte beachten Sie, dass der Garten und die weitere Umgebung von N\u00edjar eine robuste Umgebung ist. Bitte seien Sie bei Spazierg\u00e4ngen besonders vorsichtig. Wir haften nicht f\u00fcr eventuelle Unf\u00e4lle w\u00e4hrend Ihres Aufenthalts.<\/span><\/p>\t\t\t\t\t\t\t\t<\/div>\n\t\t\t\t<\/div>\n\t\t\t\t<div class=\"elementor-element elementor-element-96b31e9 elementor-widget elementor-widget-heading\" data-id=\"96b31e9\" data-element_type=\"widget\" data-e-type=\"widget\" data-widget_type=\"heading.default\">\n\t\t\t\t<div class=\"elementor-widget-container\">\n\t\t\t\t\t<h6 class=\"elementor-heading-title elementor-size-default\">Datenschutz<\/h6>\t\t\t\t<\/div>\n\t\t\t\t<\/div>\n\t\t\t\t<div class=\"elementor-element elementor-element-a749a62 elementor-widget elementor-widget-text-editor\" data-id=\"a749a62\" data-element_type=\"widget\" data-e-type=\"widget\" data-widget_type=\"text-editor.default\">\n\t\t\t\t<div class=\"elementor-widget-container\">\n\t\t\t\t\t\t\t\t\tEs kann vorkommen, dass wir Fotos von den Veranstaltungen und Aktivit\u00e4ten im Exerzitienhaus machen und diese f\u00fcr Werbezwecke verwenden m\u00f6chten. Bitte beachten Sie, dass wir kein Material, auf dem Sie zu sehen sind, ohne Ihre Zustimmung ver\u00f6ffentlichen werden. \t\t\t\t\t\t\t\t<\/div>\n\t\t\t\t<\/div>\n\t\t\t\t<div class=\"elementor-element elementor-element-31535c2 elementor-widget elementor-widget-heading\" data-id=\"31535c2\" data-element_type=\"widget\" data-e-type=\"widget\" data-widget_type=\"heading.default\">\n\t\t\t\t<div class=\"elementor-widget-container\">\n\t\t\t\t\t<h6 class=\"elementor-heading-title elementor-size-default\">Kontakt<\/h6>\t\t\t\t<\/div>\n\t\t\t\t<\/div>\n\t\t\t\t<div class=\"elementor-element elementor-element-abf2735 elementor-widget elementor-widget-text-editor\" data-id=\"abf2735\" data-element_type=\"widget\" data-e-type=\"widget\" data-widget_type=\"text-editor.default\">\n\t\t\t\t<div class=\"elementor-widget-container\">\n\t\t\t\t\t\t\t\t\t<p>Wenn Sie Fragen zu diesen Bedingungen haben, z\u00f6gern Sie bitte nicht, sich an folgende Adresse zu wenden <a href=\"https:\/\/nijar.org\/de\/kontakt\/\">kontaktieren Sie uns<\/a>.<\/p>\t\t\t\t\t\t\t\t<\/div>\n\t\t\t\t<\/div>\n\t\t\t\t<\/div>\n\t\t\t\t\t<\/div>\n\t\t\t\t<\/div>\n\t\t\t\t<\/div>","protected":false},"excerpt":{"rendered":"<p>Reservierungs- und Stornierungsbedingungen f\u00fcr Aufenthalte oder Veranstaltungen im Garten von N\u00e2m Zahlung und Reservierung Ihre Reservierung ist endg\u00fcltig, sobald der zu zahlende Betrag eingegangen ist. Wenn die Zahlung...<\/p>","protected":false},"author":8,"featured_media":0,"parent":0,"menu_order":0,"comment_status":"closed","ping_status":"closed","template":"","meta":{"_kad_post_transparent":"","_kad_post_title":"hide","_kad_post_layout":"fullwidth","_kad_post_sidebar_id":"","_kad_post_content_style":"unboxed","_kad_post_vertical_padding":"hide","_kad_post_feature":"hide","_kad_post_feature_position":"","_kad_post_header":false,"_kad_post_footer":false,"_kad_post_classname":"","footnotes":""},"class_list":["post-7059","page","type-page","status-publish","hentry"],"aioseo_notices":[],"_links":{"self":[{"href":"https:\/\/nijar.org\/de\/wp-json\/wp\/v2\/pages\/7059","targetHints":{"allow":["GET"]}}],"collection":[{"href":"https:\/\/nijar.org\/de\/wp-json\/wp\/v2\/pages"}],"about":[{"href":"https:\/\/nijar.org\/de\/wp-json\/wp\/v2\/types\/page"}],"author":[{"embeddable":true,"href":"https:\/\/nijar.org\/de\/wp-json\/wp\/v2\/users\/8"}],"replies":[{"embeddable":true,"href":"https:\/\/nijar.org\/de\/wp-json\/wp\/v2\/comments?post=7059"}],"version-history":[{"count":0,"href":"https:\/\/nijar.org\/de\/wp-json\/wp\/v2\/pages\/7059\/revisions"}],"wp:attachment":[{"href":"https:\/\/nijar.org\/de\/wp-json\/wp\/v2\/media?parent=7059"}],"curies":[{"name":"wp","href":"https:\/\/api.w.org\/{rel}","templated":true}]}}