{"id":6160,"date":"2024-02-03T17:23:26","date_gmt":"2024-02-03T16:23:26","guid":{"rendered":"https:\/\/nijar.org\/?page_id=6160"},"modified":"2024-02-03T17:32:51","modified_gmt":"2024-02-03T16:32:51","slug":"datenschutzbestimmungen","status":"publish","type":"page","link":"https:\/\/nijar.org\/de\/datenschutzbestimmungen","title":{"rendered":"Datenschutzbestimmungen"},"content":{"rendered":"<p><em><strong>Sammlung und Verwendung von Informationen<\/strong><\/em><\/p>\n\n\n\n<p>Bei der Nutzung unserer Website k\u00f6nnen wir Sie bitten, uns bestimmte personenbezogene Daten mitzuteilen, die nur dazu verwendet werden, Sie zu kontaktieren oder zu identifizieren. Dazu k\u00f6nnen Vor- und Nachname, Telefonnummer, E-Mail, Stadt, Land, Kontonummer (bei Buchung) geh\u00f6ren. Diese pers\u00f6nlichen Daten werden nicht gespeichert und nicht an Dritte oder andere Partner weitergegeben.<\/p>\n\n\n\n<p><em><strong>Protokolldaten<\/strong><\/em><\/p>\n\n\n\n<p>Wie viele andere Website-Betreiber auch, sammeln wir Informationen, die Ihr Browser sendet, wenn Sie unsere Website besuchen (\"Protokolldaten\").<\/p>\n\n\n\n<p>Diese Protokolldaten k\u00f6nnen Informationen wie Ihren Browsertyp, Ihre Browserversion, Ihr Land und Ihre Stadt, die von Ihnen besuchten Seiten unserer Website, die Uhrzeit und das Datum Ihres Besuchs, die auf diesen Seiten verbrachte Zeit und andere Statistiken enthalten.<\/p>\n\n\n\n<p>Dar\u00fcber hinaus nutzen wir Dienste von Drittanbietern wie Google Analytics, die diese Daten sammeln, \u00fcberwachen und analysieren. F\u00fcr Google Analytics haben wir Ihre IP-Adresse anonymisiert, damit sie nicht auf Sie pers\u00f6nlich zur\u00fcckgef\u00fchrt werden kann.<\/p>\n\n\n\n<p><em><strong>Kommunikation<\/strong><\/em><\/p>\n\n\n\n<p>Wir k\u00f6nnen Ihre pers\u00f6nlichen Daten verwenden, um Sie f\u00fcr Ihre Buchung, Newsletter\/Werbematerial und andere Informationen \u00fcber Asharum Amonines, LivingN\u00e2m und alle damit verbundenen Aktivit\u00e4ten zu kontaktieren.<\/p>\n\n\n\n<p><em><strong>Cookies<\/strong><\/em><\/p>\n\n\n\n<p>Diese Website verwendet Cookies. Wir verwenden Cookies, um den Inhalt unserer Website zu verbessern, um Funktionen f\u00fcr soziale Medien bereitzustellen und um unseren Datenverkehr zu analysieren. Wir geben auch Informationen \u00fcber Ihre Nutzung unserer Website an unsere Partner f\u00fcr soziale Medien, Werbung und Analysen weiter, die diese mit anderen Informationen kombinieren k\u00f6nnen, die Sie ihnen zur Verf\u00fcgung gestellt haben oder die sie aus Ihrer Nutzung ihrer Dienste gesammelt haben<\/p>\n\n\n\n<p>Cookies sind Dateien mit kleinen Datenmengen, die eine anonyme eindeutige Kennung enthalten k\u00f6nnen. Cookies werden von einer Website an Ihren Browser gesendet und auf der Festplatte Ihres Computers gespeichert.<\/p>\n\n\n\n<p>Das Gesetz besagt, dass wir Cookies auf Ihrem Ger\u00e4t speichern d\u00fcrfen, wenn sie f\u00fcr den Betrieb dieser Website unbedingt erforderlich sind. F\u00fcr alle anderen Arten von Cookies ben\u00f6tigen wir Ihre Zustimmung. Einige Cookies werden auch von Diensten Dritter gesetzt, die auf unseren Seiten erscheinen.<\/p>\n\n\n\n<p>Sie k\u00f6nnen Ihren Browser anweisen, diese anderen Cookies (Statistik und Marketing) abzulehnen. Au\u00dferdem haben Sie das Recht, Ihre Zustimmung zu \u00fcberpr\u00fcfen, zu \u00e4ndern oder zu widerrufen, indem Sie die&nbsp;<strong><a href=\"https:\/\/nam-publishing.com\/cookie-policy-eu\/\">Cookie-Richtlinie<\/a><\/strong>&nbsp;auf unserer Website jederzeit widerrufen - am Ende der Seite, indem Sie auf \"Widerruf der Cookie-Zustimmung\" klicken.<\/p>\n\n\n\n<p>Die mit Cookies gesammelten Informationen sind anonym, es werden also keine IP-Adressen angezeigt.<\/p>\n\n\n\n<p>Sie haben das Recht, eine Beschwerde \u00fcber Cookies bei einer Aufsichtsbeh\u00f6rde einzureichen. Die Kontaktdaten finden Sie am Ende dieser Seite.<\/p>\n\n\n\n<p><em><strong>Sicherheit<\/strong><\/em><\/p>\n\n\n\n<p>Die Sicherheit Ihrer pers\u00f6nlichen Daten ist uns wichtig, aber denken Sie daran, dass keine Methode der \u00dcbertragung \u00fcber das Internet oder der elektronischen Speicherung 100% sicher ist. Obwohl wir uns bem\u00fchen, kommerziell annehmbare Mittel zum Schutz Ihrer pers\u00f6nlichen Daten einzusetzen, k\u00f6nnen wir deren absolute Sicherheit nicht garantieren.<\/p>\n\n\n\n<p><em><strong>\u00c4nderungen an dieser Datenschutzrichtlinie<\/strong><\/em><\/p>\n\n\n\n<p>Diese Datenschutzrichtlinie gilt ab dem 03. Februar 2020 und bleibt in Kraft, au\u00dfer im Hinblick auf k\u00fcnftige \u00c4nderungen ihrer Bestimmungen, die unmittelbar nach ihrer Ver\u00f6ffentlichung auf dieser Seite in Kraft treten werden.<\/p>\n\n\n\n<p>Wir behalten uns das Recht vor, unsere Datenschutzrichtlinie jederzeit zu aktualisieren oder zu \u00e4ndern, und Sie sollten diese Datenschutzrichtlinie regelm\u00e4\u00dfig \u00fcberpr\u00fcfen. Ihre fortgesetzte Nutzung des Dienstes, nachdem wir \u00c4nderungen an der Datenschutzrichtlinie auf dieser Seite ver\u00f6ffentlicht haben, gilt als Anerkennung der \u00c4nderungen und als Ihr Einverst\u00e4ndnis, die ge\u00e4nderte Datenschutzrichtlinie einzuhalten und an sie gebunden zu sein.<\/p>\n\n\n\n<p>Wenn wir wesentliche \u00c4nderungen an dieser Datenschutzrichtlinie vornehmen, werden wir Sie entweder \u00fcber die von Ihnen angegebene E-Mail-Adresse oder durch einen auff\u00e4lligen Hinweis auf unserer Website informieren.<\/p>\n\n\n\n<h2 class=\"wp-block-heading\"><strong>KONTAKT US<\/strong><\/h2>\n\n\n\n<p>Wenn Sie Fragen zum Datenschutz oder eine Beschwerde haben, wenden Sie sich bitte an&nbsp;<a href=\"https:\/\/nam-publishing.com\/contact-2\/\">Kontakt&nbsp;<\/a><a href=\"mailto:contact@livingnam.org\">us<\/a>.<\/p>","protected":false},"excerpt":{"rendered":"<p>Sammlung und Verwendung von Informationen Bei der Nutzung unserer Website bitten wir Sie m\u00f6glicherweise, uns bestimmte personenbezogene Daten mitzuteilen, die nur dazu verwendet werden, Sie zu kontaktieren oder zu identifizieren....<\/p>","protected":false},"author":8,"featured_media":0,"parent":0,"menu_order":0,"comment_status":"closed","ping_status":"closed","template":"","meta":{"_kad_post_transparent":"","_kad_post_title":"","_kad_post_layout":"","_kad_post_sidebar_id":"","_kad_post_content_style":"","_kad_post_vertical_padding":"","_kad_post_feature":"","_kad_post_feature_position":"","_kad_post_header":false,"_kad_post_footer":false,"_kad_post_classname":"","footnotes":""},"class_list":["post-6160","page","type-page","status-publish","hentry"],"aioseo_notices":[],"_links":{"self":[{"href":"https:\/\/nijar.org\/de\/wp-json\/wp\/v2\/pages\/6160","targetHints":{"allow":["GET"]}}],"collection":[{"href":"https:\/\/nijar.org\/de\/wp-json\/wp\/v2\/pages"}],"about":[{"href":"https:\/\/nijar.org\/de\/wp-json\/wp\/v2\/types\/page"}],"author":[{"embeddable":true,"href":"https:\/\/nijar.org\/de\/wp-json\/wp\/v2\/users\/8"}],"replies":[{"embeddable":true,"href":"https:\/\/nijar.org\/de\/wp-json\/wp\/v2\/comments?post=6160"}],"version-history":[{"count":0,"href":"https:\/\/nijar.org\/de\/wp-json\/wp\/v2\/pages\/6160\/revisions"}],"wp:attachment":[{"href":"https:\/\/nijar.org\/de\/wp-json\/wp\/v2\/media?parent=6160"}],"curies":[{"name":"wp","href":"https:\/\/api.w.org\/{rel}","templated":true}]}}